{"id":710,"date":"2024-02-21T17:05:01","date_gmt":"2024-02-21T15:05:01","guid":{"rendered":"https:\/\/www.019.fi\/?page_id=710"},"modified":"2026-02-05T19:28:42","modified_gmt":"2026-02-05T17:28:42","slug":"ota-yhteytta","status":"publish","type":"page","link":"https:\/\/www.019.fi\/index.php\/ota-yhteytta\/","title":{"rendered":"Ota yhteytt\u00e4"},"content":{"rendered":"\t\t<div data-elementor-type=\"wp-page\" data-elementor-id=\"710\" class=\"elementor elementor-710\">\n\t\t\t\t<div class=\"elementor-element elementor-element-3c2578c e-flex e-con-boxed e-con e-parent\" data-id=\"3c2578c\" data-element_type=\"container\" data-e-type=\"container\">\n\t\t\t\t\t<div class=\"e-con-inner\">\n\t\t<div class=\"elementor-element elementor-element-cabe206 e-con-full e-flex e-con e-child\" data-id=\"cabe206\" data-element_type=\"container\" data-e-type=\"container\">\n\t\t\t\t<div class=\"elementor-element elementor-element-a7da751 elementor-widget__width-initial elementor-widget elementor-widget-heading\" data-id=\"a7da751\" data-element_type=\"widget\" data-e-type=\"widget\" data-widget_type=\"heading.default\">\n\t\t\t\t<div class=\"elementor-widget-container\">\n\t\t\t\t\t<h2 class=\"elementor-heading-title elementor-size-default\">Ota yhteytt\u00e4<\/h2>\t\t\t\t<\/div>\n\t\t\t\t<\/div>\n\t\t\t\t<div class=\"elementor-element elementor-element-6ac5fc0 elementor-widget__width-initial elementor-widget-tablet__width-initial elementor-widget elementor-widget-text-editor\" data-id=\"6ac5fc0\" data-element_type=\"widget\" data-e-type=\"widget\" data-widget_type=\"text-editor.default\">\n\t\t\t\t<div class=\"elementor-widget-container\">\n\t\t\t\t\t\t\t\t\t<p>Rakennetaan yhdess\u00e4 parempaa paintball-yhteis\u00f6\u00e4! Olitpa sitten tuleva seuran j\u00e4sen, kiinnostunut sponsorointimahdollisuuksista tai vain paintball-fani, haluamme kuulla sinusta. L\u00e4het\u00e4 viestisi nyt!<\/p>\t\t\t\t\t\t\t\t<\/div>\n\t\t\t\t<\/div>\n\t\t\t\t<\/div>\n\t\t\t\t\t<\/div>\n\t\t\t\t<\/div>\n\t\t<div class=\"elementor-element elementor-element-acb892e e-flex e-con-boxed e-con e-parent\" data-id=\"acb892e\" data-element_type=\"container\" data-e-type=\"container\">\n\t\t\t\t\t<div class=\"e-con-inner\">\n\t\t\t\t<div class=\"elementor-element elementor-element-da40330 elementor-widget elementor-widget-wpforms\" data-id=\"da40330\" data-element_type=\"widget\" data-e-type=\"widget\" data-widget_type=\"wpforms.default\">\n\t\t\t\t<div class=\"elementor-widget-container\">\n\t\t\t\t\t<div class=\"wpforms-container wpforms-render-modern\" id=\"wpforms-697\"><form id=\"wpforms-form-697\" class=\"wpforms-validate wpforms-form wpforms-ajax-form\" data-formid=\"697\" method=\"post\" enctype=\"multipart\/form-data\" action=\"\/index.php\/wp-json\/wp\/v2\/pages\/710\" data-token=\"b843e3e1c96e3f2e48cd292b11ca4e90\" data-token-time=\"1776382028\"><noscript class=\"wpforms-error-noscript\">Please enable JavaScript in your browser to complete this form.<\/noscript><div id=\"wpforms-error-noscript\" style=\"display: none;\">Please enable JavaScript in your browser to complete this form.<\/div><div class=\"wpforms-field-container\"><div id=\"wpforms-697-field_0-container\" class=\"wpforms-field wpforms-field-name\" data-field-id=\"0\"><label class=\"wpforms-field-label\" for=\"wpforms-697-field_0\">Nimi <span class=\"wpforms-required-label\" aria-hidden=\"true\">*<\/span><\/label><input type=\"text\" id=\"wpforms-697-field_0\" class=\"wpforms-field-large wpforms-field-required\" name=\"wpforms[fields][0]\" aria-errormessage=\"wpforms-697-field_0-error\" required><\/div><div id=\"wpforms-697-field_3-container\" class=\"wpforms-field wpforms-field-number\" data-field-id=\"3\"><label class=\"wpforms-field-label\" for=\"wpforms-697-field_3\">Puhelinnumero <span class=\"wpforms-required-label\" aria-hidden=\"true\">*<\/span><\/label><input type=\"number\" id=\"wpforms-697-field_3\" class=\"wpforms-field-large wpforms-field-required\" name=\"wpforms[fields][3]\" step=\"any\" aria-errormessage=\"wpforms-697-field_3-error\" required><\/div><div id=\"wpforms-697-field_1-container\" class=\"wpforms-field wpforms-field-email\" data-field-id=\"1\"><label class=\"wpforms-field-label\" for=\"wpforms-697-field_1\">S\u00e4hk\u00f6posti <span class=\"wpforms-required-label\" aria-hidden=\"true\">*<\/span><\/label><input type=\"email\" id=\"wpforms-697-field_1\" class=\"wpforms-field-large wpforms-field-required\" name=\"wpforms[fields][1]\" spellcheck=\"false\" aria-errormessage=\"wpforms-697-field_1-error\" required><\/div><div id=\"wpforms-697-field_2-container\" class=\"wpforms-field wpforms-field-textarea\" data-field-id=\"2\"><label class=\"wpforms-field-label\" for=\"wpforms-697-field_2\">Viesti<\/label><textarea id=\"wpforms-697-field_2\" class=\"wpforms-field-medium\" name=\"wpforms[fields][2]\" aria-errormessage=\"wpforms-697-field_2-error\" ><\/textarea><\/div><\/div><!-- .wpforms-field-container --><div class=\"wpforms-submit-container\" ><input type=\"hidden\" name=\"wpforms[id]\" value=\"697\"><input type=\"hidden\" name=\"page_title\" value=\"\"><input type=\"hidden\" name=\"page_url\" value=\"https:\/\/www.019.fi\/index.php\/wp-json\/wp\/v2\/pages\/710\"><input type=\"hidden\" name=\"url_referer\" value=\"\"><button type=\"submit\" name=\"wpforms[submit]\" id=\"wpforms-submit-697\" class=\"wpforms-submit\" data-alt-text=\"Sending...\" data-submit-text=\"Submit\" aria-live=\"assertive\" value=\"wpforms-submit\">Submit<\/button><img decoding=\"async\" src=\"https:\/\/www.019.fi\/wp-content\/plugins\/wpforms-lite\/assets\/images\/submit-spin.svg\" class=\"wpforms-submit-spinner\" style=\"display: none;\" width=\"26\" height=\"26\" alt=\"Loading\"><\/div><\/form><\/div>  <!-- .wpforms-container -->\t\t\t\t<\/div>\n\t\t\t\t<\/div>\n\t\t\t\t\t<\/div>\n\t\t\t\t<\/div>\n\t\t\t\t<\/div>\n\t\t","protected":false},"excerpt":{"rendered":"<p>Ota yhteytt\u00e4 Rakennetaan yhdess\u00e4 parempaa paintball-yhteis\u00f6\u00e4! Olitpa sitten tuleva seuran j\u00e4sen, kiinnostunut sponsorointimahdollisuuksista tai vain paintball-fani, haluamme kuulla sinusta. L\u00e4het\u00e4 viestisi nyt! Please enable JavaScript in your browser to complete this form.Please enable JavaScript in your browser to complete this form.Nimi *Puhelinnumero *S\u00e4hk\u00f6posti *Viesti Submit<\/p>\n","protected":false},"author":1,"featured_media":0,"parent":0,"menu_order":0,"comment_status":"closed","ping_status":"closed","template":"","meta":{"footnotes":""},"class_list":["post-710","page","type-page","status-publish","hentry"],"blocksy_meta":[],"rttpg_featured_image_url":null,"rttpg_author":{"display_name":"019","author_link":"https:\/\/www.019.fi\/index.php\/author\/fxilyp\/"},"rttpg_comment":0,"rttpg_category":null,"rttpg_excerpt":"Ota yhteytt\u00e4 Rakennetaan yhdess\u00e4 parempaa paintball-yhteis\u00f6\u00e4! Olitpa sitten tuleva seuran j\u00e4sen, kiinnostunut sponsorointimahdollisuuksista tai vain paintball-fani, haluamme kuulla sinusta. L\u00e4het\u00e4 viestisi nyt! Please enable JavaScript in your browser to complete this form.Please enable JavaScript in your browser to complete this form.Nimi *Puhelinnumero *S\u00e4hk\u00f6posti *Viesti Submit","_links":{"self":[{"href":"https:\/\/www.019.fi\/index.php\/wp-json\/wp\/v2\/pages\/710","targetHints":{"allow":["GET"]}}],"collection":[{"href":"https:\/\/www.019.fi\/index.php\/wp-json\/wp\/v2\/pages"}],"about":[{"href":"https:\/\/www.019.fi\/index.php\/wp-json\/wp\/v2\/types\/page"}],"author":[{"embeddable":true,"href":"https:\/\/www.019.fi\/index.php\/wp-json\/wp\/v2\/users\/1"}],"replies":[{"embeddable":true,"href":"https:\/\/www.019.fi\/index.php\/wp-json\/wp\/v2\/comments?post=710"}],"version-history":[{"count":76,"href":"https:\/\/www.019.fi\/index.php\/wp-json\/wp\/v2\/pages\/710\/revisions"}],"predecessor-version":[{"id":1810,"href":"https:\/\/www.019.fi\/index.php\/wp-json\/wp\/v2\/pages\/710\/revisions\/1810"}],"wp:attachment":[{"href":"https:\/\/www.019.fi\/index.php\/wp-json\/wp\/v2\/media?parent=710"}],"curies":[{"name":"wp","href":"https:\/\/api.w.org\/{rel}","templated":true}]}}