{"id":732,"date":"2024-02-21T17:32:40","date_gmt":"2024-02-21T15:32:40","guid":{"rendered":"https:\/\/www.019.fi\/?page_id=732"},"modified":"2025-09-23T08:12:35","modified_gmt":"2025-09-23T05:12:35","slug":"etusivu","status":"publish","type":"page","link":"https:\/\/www.019.fi\/","title":{"rendered":"Etusivu"},"content":{"rendered":"\t\t<div data-elementor-type=\"wp-page\" data-elementor-id=\"732\" class=\"elementor elementor-732\">\n\t\t\t\t<div class=\"elementor-element elementor-element-74f180a1 e-flex e-con-boxed e-con e-parent\" data-id=\"74f180a1\" data-element_type=\"container\" data-e-type=\"container\" data-settings=\"{&quot;background_background&quot;:&quot;classic&quot;}\">\n\t\t\t\t\t<div class=\"e-con-inner\">\n\t\t\t\t<div class=\"elementor-element elementor-element-169761fb elementor-widget__width-initial elementor-widget elementor-widget-heading\" data-id=\"169761fb\" data-element_type=\"widget\" data-e-type=\"widget\" data-widget_type=\"heading.default\">\n\t\t\t\t<div class=\"elementor-widget-container\">\n\t\t\t\t\t<h1 class=\"elementor-heading-title elementor-size-default\">INTOHIMONA VOITTAMINEN<\/h1>\t\t\t\t<\/div>\n\t\t\t\t<\/div>\n\t\t\t\t\t<\/div>\n\t\t\t\t<\/div>\n\t\t<div class=\"elementor-element elementor-element-15e7a15 e-con-full e-flex e-con e-parent\" data-id=\"15e7a15\" data-element_type=\"container\" data-e-type=\"container\" data-settings=\"{&quot;background_background&quot;:&quot;classic&quot;}\">\n\t\t<div class=\"elementor-element elementor-element-562d6a6 e-con-full e-flex e-con e-child\" data-id=\"562d6a6\" data-element_type=\"container\" data-e-type=\"container\">\n\t\t\t\t<div class=\"elementor-element elementor-element-68c4a45 elementor-widget elementor-widget-heading\" data-id=\"68c4a45\" data-element_type=\"widget\" data-e-type=\"widget\" data-widget_type=\"heading.default\">\n\t\t\t\t<div class=\"elementor-widget-container\">\n\t\t\t\t\t<h2 class=\"elementor-heading-title elementor-size-default\">Uudenmaan Paintball Ry<\/h2>\t\t\t\t<\/div>\n\t\t\t\t<\/div>\n\t\t\t\t<div class=\"elementor-element elementor-element-ca14a5e elementor-widget elementor-widget-text-editor\" data-id=\"ca14a5e\" data-element_type=\"widget\" data-e-type=\"widget\" data-widget_type=\"text-editor.default\">\n\t\t\t\t<div class=\"elementor-widget-container\">\n\t\t\t\t\t\t\t\t\t<p>019 ON PORVOOLAISL\u00c4HT\u00d6INEN KILPATASON<br \/>PAINTBALLSEURA,<br \/>JOKA ON PERUSTETTU 2024.<\/p>\t\t\t\t\t\t\t\t<\/div>\n\t\t\t\t<\/div>\n\t\t\t\t<\/div>\n\t\t<div class=\"elementor-element elementor-element-3294c72 e-con-full e-flex e-con e-child\" data-id=\"3294c72\" data-element_type=\"container\" data-e-type=\"container\">\n\t\t\t\t<div class=\"elementor-element elementor-element-c899446 elementor-widget elementor-widget-image\" data-id=\"c899446\" data-element_type=\"widget\" data-e-type=\"widget\" data-widget_type=\"image.default\">\n\t\t\t\t<div class=\"elementor-widget-container\">\n\t\t\t\t\t\t\t\t\t\t\t\t\t\t\t<img decoding=\"async\" src=\"https:\/\/www.019.fi\/wp-content\/uploads\/2025\/02\/PBL_0196-scaled.jpg\" title=\"PBL_0196\" alt=\"PBL_0196\" loading=\"lazy\" \/>\t\t\t\t\t\t\t\t\t\t\t\t\t\t\t<\/div>\n\t\t\t\t<\/div>\n\t\t\t\t<\/div>\n\t\t\t\t<\/div>\n\t\t<div class=\"elementor-element elementor-element-7acd286 e-con-full e-flex e-con e-parent\" data-id=\"7acd286\" data-element_type=\"container\" data-e-type=\"container\" data-settings=\"{&quot;background_background&quot;:&quot;classic&quot;}\">\n\t\t<div class=\"elementor-element elementor-element-4ab747ac e-con-full e-flex e-con e-child\" data-id=\"4ab747ac\" data-element_type=\"container\" data-e-type=\"container\">\n\t\t\t\t<div class=\"elementor-element elementor-element-131c47b7 elementor-widget elementor-widget-heading\" data-id=\"131c47b7\" data-element_type=\"widget\" data-e-type=\"widget\" data-widget_type=\"heading.default\">\n\t\t\t\t<div class=\"elementor-widget-container\">\n\t\t\t\t\t<h2 class=\"elementor-heading-title elementor-size-default\">Visiomme<\/h2>\t\t\t\t<\/div>\n\t\t\t\t<\/div>\n\t\t\t\t<div class=\"elementor-element elementor-element-2944b347 elementor-widget elementor-widget-text-editor\" data-id=\"2944b347\" data-element_type=\"widget\" data-e-type=\"widget\" data-widget_type=\"text-editor.default\">\n\t\t\t\t<div class=\"elementor-widget-container\">\n\t\t\t\t\t\t\t\t\t<p>HALUAMME TOIMINNALLAMME<br \/>KASVATTAA KILPAPAINTBALLIN<br \/>HARRASTAJAM\u00c4\u00c4R\u00c4<br \/>SEK\u00c4 EL\u00c4V\u00d6ITT\u00c4\u00c4<br \/>JUNIORITOIMINTAA.<\/p>\t\t\t\t\t\t\t\t<\/div>\n\t\t\t\t<\/div>\n\t\t\t\t<\/div>\n\t\t<div class=\"elementor-element elementor-element-c3bafbb e-con-full e-flex e-con e-child\" data-id=\"c3bafbb\" data-element_type=\"container\" data-e-type=\"container\">\n\t\t\t\t<div class=\"elementor-element elementor-element-791d117f elementor-widget elementor-widget-image\" data-id=\"791d117f\" data-element_type=\"widget\" data-e-type=\"widget\" data-widget_type=\"image.default\">\n\t\t\t\t<div class=\"elementor-widget-container\">\n\t\t\t\t\t\t\t\t\t\t\t\t\t\t\t<img decoding=\"async\" src=\"https:\/\/www.019.fi\/wp-content\/uploads\/2025\/02\/PBL_0280-scaled.jpg\" title=\"PBL_0280\" alt=\"PBL_0280\" loading=\"lazy\" \/>\t\t\t\t\t\t\t\t\t\t\t\t\t\t\t<\/div>\n\t\t\t\t<\/div>\n\t\t\t\t<\/div>\n\t\t\t\t<\/div>\n\t\t<div class=\"elementor-element elementor-element-49ab47b8 e-con-full e-flex e-con e-parent\" data-id=\"49ab47b8\" data-element_type=\"container\" data-e-type=\"container\" data-settings=\"{&quot;background_background&quot;:&quot;classic&quot;}\">\n\t\t<div class=\"elementor-element elementor-element-5b0cd509 e-con-full e-flex e-con e-child\" data-id=\"5b0cd509\" data-element_type=\"container\" data-e-type=\"container\">\n\t\t\t\t<div class=\"elementor-element elementor-element-8c9c6af elementor-widget elementor-widget-heading\" data-id=\"8c9c6af\" data-element_type=\"widget\" data-e-type=\"widget\" data-widget_type=\"heading.default\">\n\t\t\t\t<div class=\"elementor-widget-container\">\n\t\t\t\t\t<h2 class=\"elementor-heading-title elementor-size-default\">Olemme Suomen mestareita 2025!<\/h2>\t\t\t\t<\/div>\n\t\t\t\t<\/div>\n\t\t\t\t<div class=\"elementor-element elementor-element-494005a8 elementor-widget elementor-widget-text-editor\" data-id=\"494005a8\" data-element_type=\"widget\" data-e-type=\"widget\" data-widget_type=\"text-editor.default\">\n\t\t\t\t<div class=\"elementor-widget-container\">\n\t\t\t\t\t\t\t\t\t<p>Tavoitteenamme on jatkaa menestyst\u00e4 ja tulla tulevaisuudessa Suomen halutuimmaksi ja menestyneimm\u00e4ksi paintball-joukkueeksi.<\/p>\t\t\t\t\t\t\t\t<\/div>\n\t\t\t\t<\/div>\n\t\t\t\t<\/div>\n\t\t<div class=\"elementor-element elementor-element-651a7c54 e-con-full e-flex e-con e-child\" data-id=\"651a7c54\" data-element_type=\"container\" data-e-type=\"container\">\n\t\t\t\t<div class=\"elementor-element elementor-element-2f42e183 elementor-widget elementor-widget-image\" data-id=\"2f42e183\" data-element_type=\"widget\" data-e-type=\"widget\" data-widget_type=\"image.default\">\n\t\t\t\t<div class=\"elementor-widget-container\">\n\t\t\t\t\t\t\t\t\t\t\t\t\t\t\t<img decoding=\"async\" src=\"https:\/\/www.019.fi\/wp-content\/uploads\/2025\/02\/PBL_1971-scaled.jpg\" title=\"PBL_1971\" alt=\"PBL_1971\" loading=\"lazy\" \/>\t\t\t\t\t\t\t\t\t\t\t\t\t\t\t<\/div>\n\t\t\t\t<\/div>\n\t\t\t\t<\/div>\n\t\t\t\t<\/div>\n\t\t<div class=\"elementor-element elementor-element-6ab1167a e-con-full e-flex e-con e-parent\" data-id=\"6ab1167a\" data-element_type=\"container\" data-e-type=\"container\" data-settings=\"{&quot;background_background&quot;:&quot;classic&quot;}\">\n\t\t<div class=\"elementor-element elementor-element-6cf0ebcd e-con-full e-flex e-con e-child\" data-id=\"6cf0ebcd\" data-element_type=\"container\" data-e-type=\"container\">\n\t\t\t\t<div class=\"elementor-element elementor-element-1f81eb57 elementor-widget elementor-widget-heading\" data-id=\"1f81eb57\" data-element_type=\"widget\" data-e-type=\"widget\" data-widget_type=\"heading.default\">\n\t\t\t\t<div class=\"elementor-widget-container\">\n\t\t\t\t\t<h2 class=\"elementor-heading-title elementor-size-default\">Porvoo<\/h2>\t\t\t\t<\/div>\n\t\t\t\t<\/div>\n\t\t\t\t<div class=\"elementor-element elementor-element-3952ecde elementor-widget elementor-widget-text-editor\" data-id=\"3952ecde\" data-element_type=\"widget\" data-e-type=\"widget\" data-widget_type=\"text-editor.default\">\n\t\t\t\t<div class=\"elementor-widget-container\">\n\t\t\t\t\t\t\t\t\t<p>On aina ollut vahvasti mukana kilpapaintballissa, mutta omaa joukkuetta Porvoosta ei ole hetkeen ollut. Vuonna 2024 porvoolaiset huippupelaajat aloittavat Porvoon uuden tulemisen Suomen paintball-skeneen.<\/p>\t\t\t\t\t\t\t\t<\/div>\n\t\t\t\t<\/div>\n\t\t\t\t<\/div>\n\t\t<div class=\"elementor-element elementor-element-737ab39d e-con-full e-flex e-con e-child\" data-id=\"737ab39d\" data-element_type=\"container\" data-e-type=\"container\">\n\t\t\t\t<div class=\"elementor-element elementor-element-34e5f757 elementor-widget elementor-widget-image\" data-id=\"34e5f757\" data-element_type=\"widget\" data-e-type=\"widget\" data-widget_type=\"image.default\">\n\t\t\t\t<div class=\"elementor-widget-container\">\n\t\t\t\t\t\t\t\t\t\t\t\t\t\t\t<img decoding=\"async\" src=\"https:\/\/www.019.fi\/wp-content\/uploads\/2025\/02\/PBL_0291-scaled.jpg\" title=\"PBL_0291\" alt=\"PBL_0291\" loading=\"lazy\" \/>\t\t\t\t\t\t\t\t\t\t\t\t\t\t\t<\/div>\n\t\t\t\t<\/div>\n\t\t\t\t<\/div>\n\t\t\t\t<\/div>\n\t\t<div class=\"elementor-element elementor-element-6881b4d e-con-full e-flex e-con e-parent\" data-id=\"6881b4d\" data-element_type=\"container\" data-e-type=\"container\">\n\t\t\t\t<div class=\"elementor-element elementor-element-23a403b7 elementor-widget elementor-widget-heading\" data-id=\"23a403b7\" data-element_type=\"widget\" data-e-type=\"widget\" data-widget_type=\"heading.default\">\n\t\t\t\t<div class=\"elementor-widget-container\">\n\t\t\t\t\t<h3 class=\"elementor-heading-title elementor-size-default\">usein kysytyt kysymykset<\/h3>\t\t\t\t<\/div>\n\t\t\t\t<\/div>\n\t\t<div class=\"elementor-element elementor-element-6e307d69 e-con-full e-flex e-con e-child\" data-id=\"6e307d69\" data-element_type=\"container\" data-e-type=\"container\">\n\t\t\t\t<div class=\"elementor-element elementor-element-7a2b0120 elementor-widget__width-inherit elementor-widget elementor-widget-toggle\" data-id=\"7a2b0120\" data-element_type=\"widget\" data-e-type=\"widget\" data-widget_type=\"toggle.default\">\n\t\t\t\t<div class=\"elementor-widget-container\">\n\t\t\t\t\t\t\t<div class=\"elementor-toggle\">\n\t\t\t\t\t\t\t<div class=\"elementor-toggle-item\">\n\t\t\t\t\t<h4 id=\"elementor-tab-title-2041\" class=\"elementor-tab-title\" data-tab=\"1\" role=\"button\" aria-controls=\"elementor-tab-content-2041\" aria-expanded=\"false\">\n\t\t\t\t\t\t\t\t\t\t\t\t<a class=\"elementor-toggle-title\" tabindex=\"0\">Mit\u00e4 on Paintball?<\/a>\n\t\t\t\t\t<\/h4>\n\n\t\t\t\t\t<div id=\"elementor-tab-content-2041\" class=\"elementor-tab-content elementor-clearfix\" data-tab=\"1\" role=\"region\" aria-labelledby=\"elementor-tab-title-2041\"><p>Paintballin perusidea on yksinkertainen: pelaajat varustetaan paineilma-merkkaimilla, joilla ammutaan v\u00e4rillisi\u00e4 maalikapseleita. Kun kapseli osuu vastustajaan, se rikkoutuu j\u00e4tt\u00e4en v\u00e4rikk\u00e4\u00e4n j\u00e4ljen. T\u00e4m\u00e4 visuaalinen merkki ilmaisee, ett\u00e4 pelaaja on &#8221;eliminoitu&#8221; pelist\u00e4. Paintball vaatii nopeaa reagointikyky\u00e4, hyv\u00e4\u00e4 fyysist\u00e4 kuntoa ja kyky\u00e4 toimia tiimin\u00e4. Pelaajien on oltava strategisia, liikkua nopeasti ja k\u00e4ytt\u00e4\u00e4 peitteit\u00e4 hyv\u00e4kseen menesty\u00e4kseen kent\u00e4ll\u00e4.<\/p><\/div>\n\t\t\t\t<\/div>\n\t\t\t\t\t\t\t<div class=\"elementor-toggle-item\">\n\t\t\t\t\t<h4 id=\"elementor-tab-title-2042\" class=\"elementor-tab-title\" data-tab=\"2\" role=\"button\" aria-controls=\"elementor-tab-content-2042\" aria-expanded=\"false\">\n\t\t\t\t\t\t\t\t\t\t\t\t<a class=\"elementor-toggle-title\" tabindex=\"0\">Miten voin aloittaa Paintballin pelaamisen?<\/a>\n\t\t\t\t\t<\/h4>\n\n\t\t\t\t\t<div id=\"elementor-tab-content-2042\" class=\"elementor-tab-content elementor-clearfix\" data-tab=\"2\" role=\"region\" aria-labelledby=\"elementor-tab-title-2042\"><p>Voit aloittaa paintballin pelaamisen etsim\u00e4ll\u00e4 l\u00e4himm\u00e4n paintball-kent\u00e4n ja ottamalla yhteytt\u00e4 heihin. Monet kent\u00e4t tarjoavat vuokrausvarusteita ja j\u00e4rjest\u00e4v\u00e4t aloittelijoille sopivia pelej\u00e4 ja tapahtumia. Lis\u00e4ksi voit ottaa yhteytt\u00e4 paikalliseen paintball-seuraan, josta saat lis\u00e4tietoa ja mahdollisesti my\u00f6s ohjausta lajin pariin. Osallistuminen seuran toimintaan voi olla erinomainen tapa tutustua lajiin ja sen pelaamiseen sek\u00e4 l\u00f6yt\u00e4\u00e4 samanhenkist\u00e4 seuraa.<\/p><\/div>\n\t\t\t\t<\/div>\n\t\t\t\t\t\t\t\t<\/div>\n\t\t\t\t\t\t<\/div>\n\t\t\t\t<\/div>\n\t\t\t\t<div class=\"elementor-element elementor-element-711aa9cc elementor-widget__width-inherit elementor-widget elementor-widget-toggle\" data-id=\"711aa9cc\" data-element_type=\"widget\" data-e-type=\"widget\" data-widget_type=\"toggle.default\">\n\t\t\t\t<div class=\"elementor-widget-container\">\n\t\t\t\t\t\t\t<div class=\"elementor-toggle\">\n\t\t\t\t\t\t\t<div class=\"elementor-toggle-item\">\n\t\t\t\t\t<h4 id=\"elementor-tab-title-1891\" class=\"elementor-tab-title\" data-tab=\"1\" role=\"button\" aria-controls=\"elementor-tab-content-1891\" aria-expanded=\"false\">\n\t\t\t\t\t\t\t\t\t\t\t\t<a class=\"elementor-toggle-title\" tabindex=\"0\">Kuinka turvallista paintballin pelaaminen on?<\/a>\n\t\t\t\t\t<\/h4>\n\n\t\t\t\t\t<div id=\"elementor-tab-content-1891\" class=\"elementor-tab-content elementor-clearfix\" data-tab=\"1\" role=\"region\" aria-labelledby=\"elementor-tab-title-1891\"><p>Paintball on turvallinen harrastus, kunhan noudatat s\u00e4\u00e4nt\u00f6j\u00e4 ja k\u00e4yt\u00e4t asianmukaisia suojavarusteita. Paintball-kent\u00e4t noudattavat tiukkoja turvallisuusstandardeja.<\/p><\/div>\n\t\t\t\t<\/div>\n\t\t\t\t\t\t\t<div class=\"elementor-toggle-item\">\n\t\t\t\t\t<h4 id=\"elementor-tab-title-1892\" class=\"elementor-tab-title\" data-tab=\"2\" role=\"button\" aria-controls=\"elementor-tab-content-1892\" aria-expanded=\"false\">\n\t\t\t\t\t\t\t\t\t\t\t\t<a class=\"elementor-toggle-title\" tabindex=\"0\">Voinko pelata Paintballia ilman aiempaa kokemusta?<\/a>\n\t\t\t\t\t<\/h4>\n\n\t\t\t\t\t<div id=\"elementor-tab-content-1892\" class=\"elementor-tab-content elementor-clearfix\" data-tab=\"2\" role=\"region\" aria-labelledby=\"elementor-tab-title-1892\"><p>Kyll\u00e4, Paintball sopii sek\u00e4 aloittelijoille ett\u00e4 kokeneemmille pelaajille. Monet pelikent\u00e4t tarjoavat aloittelijoille sopivia pelej\u00e4 ja ohjausta, jotta kaikki voivat nauttia pelist\u00e4 turvallisesti ja hauskanpitoon keskittyen.<\/p><\/div>\n\t\t\t\t<\/div>\n\t\t\t\t\t\t\t\t<\/div>\n\t\t\t\t\t\t<\/div>\n\t\t\t\t<\/div>\n\t\t\t\t<\/div>\n\t\t\t\t<\/div>\n\t\t\t\t<\/div>\n\t\t","protected":false},"excerpt":{"rendered":"<p>INTOHIMONA VOITTAMINEN Uudenmaan Paintball Ry 019 ON PORVOOLAISL\u00c4HT\u00d6INEN KILPATASONPAINTBALLSEURA,JOKA ON PERUSTETTU 2024. Visiomme HALUAMME TOIMINNALLAMMEKASVATTAA KILPAPAINTBALLINHARRASTAJAM\u00c4\u00c4R\u00c4SEK\u00c4 EL\u00c4V\u00d6ITT\u00c4\u00c4JUNIORITOIMINTAA. Olemme Suomen mestareita 2025! Tavoitteenamme on jatkaa menestyst\u00e4 ja tulla tulevaisuudessa Suomen halutuimmaksi ja menestyneimm\u00e4ksi paintball-joukkueeksi. Porvoo On aina ollut vahvasti mukana kilpapaintballissa, mutta omaa joukkuetta Porvoosta ei ole hetkeen ollut. Vuonna 2024 porvoolaiset huippupelaajat aloittavat Porvoon uuden [&hellip;]<\/p>\n","protected":false},"author":1,"featured_media":0,"parent":0,"menu_order":0,"comment_status":"closed","ping_status":"closed","template":"","meta":{"footnotes":""},"class_list":["post-732","page","type-page","status-publish","hentry"],"blocksy_meta":[],"rttpg_featured_image_url":null,"rttpg_author":{"display_name":"019","author_link":"https:\/\/www.019.fi\/index.php\/author\/fxilyp\/"},"rttpg_comment":0,"rttpg_category":null,"rttpg_excerpt":"INTOHIMONA VOITTAMINEN Uudenmaan Paintball Ry 019 ON PORVOOLAISL\u00c4HT\u00d6INEN KILPATASONPAINTBALLSEURA,JOKA ON PERUSTETTU 2024. Visiomme HALUAMME TOIMINNALLAMMEKASVATTAA KILPAPAINTBALLINHARRASTAJAM\u00c4\u00c4R\u00c4SEK\u00c4 EL\u00c4V\u00d6ITT\u00c4\u00c4JUNIORITOIMINTAA. Olemme Suomen mestareita 2025! Tavoitteenamme on jatkaa menestyst\u00e4 ja tulla tulevaisuudessa Suomen halutuimmaksi ja menestyneimm\u00e4ksi paintball-joukkueeksi. Porvoo On aina ollut vahvasti mukana kilpapaintballissa, mutta omaa joukkuetta Porvoosta ei ole hetkeen ollut. Vuonna 2024 porvoolaiset huippupelaajat aloittavat Porvoon uuden&hellip;","_links":{"self":[{"href":"https:\/\/www.019.fi\/index.php\/wp-json\/wp\/v2\/pages\/732","targetHints":{"allow":["GET"]}}],"collection":[{"href":"https:\/\/www.019.fi\/index.php\/wp-json\/wp\/v2\/pages"}],"about":[{"href":"https:\/\/www.019.fi\/index.php\/wp-json\/wp\/v2\/types\/page"}],"author":[{"embeddable":true,"href":"https:\/\/www.019.fi\/index.php\/wp-json\/wp\/v2\/users\/1"}],"replies":[{"embeddable":true,"href":"https:\/\/www.019.fi\/index.php\/wp-json\/wp\/v2\/comments?post=732"}],"version-history":[{"count":187,"href":"https:\/\/www.019.fi\/index.php\/wp-json\/wp\/v2\/pages\/732\/revisions"}],"predecessor-version":[{"id":1522,"href":"https:\/\/www.019.fi\/index.php\/wp-json\/wp\/v2\/pages\/732\/revisions\/1522"}],"wp:attachment":[{"href":"https:\/\/www.019.fi\/index.php\/wp-json\/wp\/v2\/media?parent=732"}],"curies":[{"name":"wp","href":"https:\/\/api.w.org\/{rel}","templated":true}]}}